{"id":926,"date":"2021-04-19T14:18:33","date_gmt":"2021-04-19T14:18:33","guid":{"rendered":"https:\/\/dein-freispruch.de\/?page_id=926"},"modified":"2021-04-19T14:26:04","modified_gmt":"2021-04-19T14:26:04","slug":"koerperverletzung","status":"publish","type":"page","link":"https:\/\/dein-freispruch.de\/?page_id=926","title":{"rendered":"K\u00f6rperverletzung"},"content":{"rendered":"\t\t<div data-elementor-type=\"wp-page\" data-elementor-id=\"926\" class=\"elementor elementor-926\" data-elementor-post-type=\"page\">\n\t\t\t\t\t\t<section class=\"elementor-section elementor-top-section elementor-element elementor-element-5b75573a elementor-section-height-min-height elementor-section-boxed elementor-section-height-default elementor-section-items-middle\" data-id=\"5b75573a\" data-element_type=\"section\" data-e-type=\"section\" data-settings=\"{&quot;background_background&quot;:&quot;classic&quot;}\">\n\t\t\t\t\t\t<div class=\"elementor-container elementor-column-gap-default\">\n\t\t\t\t\t<div class=\"elementor-column elementor-col-100 elementor-top-column elementor-element elementor-element-7df74b25\" data-id=\"7df74b25\" data-element_type=\"column\" data-e-type=\"column\">\n\t\t\t<div class=\"elementor-widget-wrap elementor-element-populated\">\n\t\t\t\t\t\t<div class=\"elementor-element elementor-element-41474384 elementor-widget-tablet__width-initial elementor-hidden-phone elementor-widget elementor-widget-text-editor\" data-id=\"41474384\" data-element_type=\"widget\" data-e-type=\"widget\" data-widget_type=\"text-editor.default\">\n\t\t\t\t<div class=\"elementor-widget-container\">\n\t\t\t\t\t\t\t\t\t<h1><strong>K\u00f6rperverletzung <\/strong><\/h1><p>Und welche Strafe hat eine K\u00f6rperver-letzung zur Folge?<\/p>\t\t\t\t\t\t\t\t<\/div>\n\t\t\t\t<\/div>\n\t\t\t\t<div class=\"elementor-element elementor-element-75200c53 elementor-widget-tablet__width-initial elementor-hidden-desktop elementor-hidden-tablet elementor-widget elementor-widget-text-editor\" data-id=\"75200c53\" data-element_type=\"widget\" data-e-type=\"widget\" data-widget_type=\"text-editor.default\">\n\t\t\t\t<div class=\"elementor-widget-container\">\n\t\t\t\t\t\t\t\t\t<h1 style=\"font-size: 35px;\"><strong>K\u00f6rperverletzung <\/strong><\/h1>\nUnd welche Strafe hat eine K\u00f6rperver-letzung zur Folge?\t\t\t\t\t\t\t\t<\/div>\n\t\t\t\t<\/div>\n\t\t\t\t<div class=\"elementor-element elementor-element-9b9d9af elementor-view-default elementor-widget elementor-widget-icon\" data-id=\"9b9d9af\" data-element_type=\"widget\" data-e-type=\"widget\" data-widget_type=\"icon.default\">\n\t\t\t\t<div class=\"elementor-widget-container\">\n\t\t\t\t\t\t\t<div class=\"elementor-icon-wrapper\">\n\t\t\t<a class=\"elementor-icon elementor-animation-grow\" href=\"#anfrage\">\n\t\t\t<svg aria-hidden=\"true\" class=\"e-font-icon-svg e-fas-arrow-alt-circle-down\" viewBox=\"0 0 512 512\" xmlns=\"http:\/\/www.w3.org\/2000\/svg\"><path d=\"M504 256c0 137-111 248-248 248S8 393 8 256 119 8 256 8s248 111 248 248zM212 140v116h-70.9c-10.7 0-16.1 13-8.5 20.5l114.9 114.3c4.7 4.7 12.2 4.7 16.9 0l114.9-114.3c7.6-7.6 2.2-20.5-8.5-20.5H300V140c0-6.6-5.4-12-12-12h-64c-6.6 0-12 5.4-12 12z\"><\/path><\/svg>\t\t\t<\/a>\n\t\t<\/div>\n\t\t\t\t\t\t<\/div>\n\t\t\t\t<\/div>\n\t\t\t\t\t<\/div>\n\t\t<\/div>\n\t\t\t\t\t<\/div>\n\t\t<\/section>\n\t\t\t\t<section class=\"elementor-section elementor-top-section elementor-element elementor-element-6139fe1 elementor-section-boxed elementor-section-height-default elementor-section-height-default\" data-id=\"6139fe1\" data-element_type=\"section\" data-e-type=\"section\" data-settings=\"{&quot;background_background&quot;:&quot;classic&quot;}\">\n\t\t\t\t\t\t<div class=\"elementor-container elementor-column-gap-default\">\n\t\t\t\t\t<div class=\"elementor-column elementor-col-50 elementor-top-column elementor-element elementor-element-5b81713a\" data-id=\"5b81713a\" data-element_type=\"column\" data-e-type=\"column\">\n\t\t\t<div class=\"elementor-widget-wrap elementor-element-populated\">\n\t\t\t\t\t\t<div class=\"elementor-element elementor-element-135fbc62 elementor-widget elementor-widget-text-editor\" data-id=\"135fbc62\" data-element_type=\"widget\" data-e-type=\"widget\" id=\"anfrage\" data-widget_type=\"text-editor.default\">\n\t\t\t\t<div class=\"elementor-widget-container\">\n\t\t\t\t\t\t\t\t\t<h2>K\u00d6RPERVERLETZUNG<\/h2><p>Eines der wohl bekannteren Delikte im deutschen Strafrecht ist die<br \/>K\u00f6rperverletzung; \u00a7 223 StGB (Strafgesetzbuch).<br \/>Schutzgut ist die k\u00f6rperliche Unversehrtheit des Menschen.<\/p><p><b>Wann spricht man eigentlich von einer K\u00f6rperverletzung?<\/b><\/p><p><b>Was heisst in diesem Zusammenhang z.B. &#8222;h\u00e4usliche Gewalt&#8220;?<\/b><\/p><p><b>Gibt es gro\u00dfe Unterschiede bei der K\u00f6rperverletzung?<\/b><\/p><p><b>Und ist jeder &#8222;Klaps&#8220; oder jede Ohrfeige sofort eine K\u00f6rperverletzung?&#8220;<\/b><\/p><p><span style=\"color: inherit; font-family: inherit; font-size: 1.5rem; background-color: var( --e-global-color-e508a53 );\">Und welche Strafe hat eine K\u00f6rperverletzung zur Folge?<\/span><\/p><p>Der Tatbestand des \u00a7 223 Absatz 1 StGB beinhaltet, dass eine<br \/>K\u00f6rperverletzung mit einer Geldstrafe oder sogar mit einer<br \/>Freiheitsstrafe bis zu f\u00fcnf Jahren bestraft werden kann.<\/p><p>Aber selbstverst\u00e4ndlich kommt es bei diesem gro\u00dfen Strafrahmen bei der<br \/>Einzelbeurteilung auf sehr viele Punkte an:<\/p><p>In erster Linie nat\u00fcrlich wie schwer die K\u00f6rperverletzung war, wie<br \/>heftig der Angriff war und wie sehr die andere Person verletzt wurde.<br \/>Wie stark waren die Schmerzen? War ein Arztbesuch oder sogar ein<br \/>Krankenhausaufenthalt notwendig? Gibt es eventuell sogar l\u00e4ngere,<br \/>bleibende Sch\u00e4den physischer oder psychischer Art? Hat die<br \/>K\u00f6rperverletzung weitere Folgen f\u00fcr das Opfer, z.B. materielle Folgen<br \/>durch Arztkosten, Reha-Kosten, Verdienstausfall etc.<\/p><p>Aber auch auf andere Faktoren kommt es an: War das Opfer vielleicht<br \/>sogar selber aggressiv? Hat es vielleicht sogar den T\u00e4ter provoziert?<br \/>Ist der T\u00e4ter selber verletzt worden? Welche Hintergr\u00fcnde hatte die Tat?<\/p><p>Haben sich die Parteien wieder vertragen oder geeinigt? Ist der<br \/>&#8222;Rechtsfrieden&#8220; wieder hergestellt? Hat sich der T\u00e4ter entschuldigt oder<br \/>eine Wiedergutmachung angestrebt oder vollzogen? Ist z.B. auch der<br \/>&#8222;h\u00e4usliche Frieden&#8220; wieder hergestellt?<\/p><p>Wichtig bei der Beurteilung ist immer auch, ob es schon Vorf\u00e4lle in der<br \/>Vergangenheit (ggfl. sogar Vorstrafen?) gab!<\/p><p>Die Beurteilung einer K\u00f6rperverletzung ist somit immer eine<br \/>Gesamtbetrachtung.<\/p><h4>Ist der Versuch ebenfalls strafbar?<\/h4><p>Nicht nur eine vollendete Tat kann nach deutschem Strafrecht eine Strafe<br \/>nach sich ziehen, bestimmte Delikte sind auch im Versuch strafbar. F\u00fcr<br \/>die K\u00f6rperverletzung ergibt sich dies aus \u00a7 223 Absatz 2 StGB. Auch der<br \/>Versuch einer K\u00f6rperverletzung ist strafbar!<\/p><h4>Brauche ich denn jetzt einen Anwalt?<\/h4><p>Wer wegen K\u00f6rperverletzung angezeigt wurde, sollte nach unserer Ansicht<br \/>in den \u00fcberwiegenden F\u00e4llen anwaltlichen Rat in Anspruch nehmen. Wenn<br \/>die Staatsanwaltschaft die Sache schon als so ernsthaft angesehen hat,<br \/>dass sie ein Ermittlungsverfahren eingeleitet hat, sollte der oder die<br \/>Beschuldigte die Sache ernst nehmen.<\/p><p>Wer einen erfahrenen Strafverteidiger an seiner Seite hat, l\u00e4uft nicht<br \/>Gefahr, sich im Rahmen einer polizeilichen Vernehmung um &#8222;Kopf und<br \/>Kragen&#8220; zu reden. Erst nach einer Akteneinsicht und der genauen Kenntnis<br \/>vom Akteninhalt, der dortigen Sachverhaltsschilderungen durch<br \/>Gesch\u00e4digte \/ Zeugen und nach Durchsicht der dortigen Beweismittel, kann<br \/>eine seri\u00f6se Verteidigungstaktik zusammen mit dem Mandanten erarbeitet<br \/>werden!<\/p><p>Sollte Ihnen sogar eine GEF\u00c4HRLICHE K\u00d6RPERVERLETZUNG nach \u00a7 224 Absatz 1<br \/>StGB mit einem Strafrahmen von sechs Monaten bis zu zehn Jahren<br \/>Freiheitsstrafe oder eine SCHWERE K\u00d6RPERVERLETZUNG nach \u00a7 226 StGB mit<br \/>einem Strafrahmen von einem Jahr bis zu zehn Jahren Freiheitsstrafe<br \/>vorgeworfen werden, ist dringend die Einschaltung eines Rechtsanwalts \/<br \/>Fachanwalts f\u00fcr Strafrecht anzuraten!<\/p>\t\t\t\t\t\t\t\t<\/div>\n\t\t\t\t<\/div>\n\t\t\t\t\t<\/div>\n\t\t<\/div>\n\t\t\t\t<div class=\"elementor-column elementor-col-50 elementor-top-column elementor-element elementor-element-70a825b8\" data-id=\"70a825b8\" data-element_type=\"column\" data-e-type=\"column\">\n\t\t\t<div class=\"elementor-widget-wrap elementor-element-populated\">\n\t\t\t\t\t\t<div class=\"elementor-element elementor-element-60e4f8eb elementor-widget elementor-widget-text-editor\" data-id=\"60e4f8eb\" data-element_type=\"widget\" data-e-type=\"widget\" id=\"verkehrsstrafrecht\" data-widget_type=\"text-editor.default\">\n\t\t\t\t<div class=\"elementor-widget-container\">\n\t\t\t\t\t\t\t\t\t<h4>Um diese Fragen zu kl\u00e4ren muss zun\u00e4chst ins Gesetz geguckt werden:<\/h4><p>Gem\u00e4\u00df \u00a7 223 Absatz 1 StGB bedeutet eine K\u00f6rperverletzung eine<br \/>k\u00f6rperliche Misshandlung oder Gesundheitssch\u00e4digung einer anderen<br \/>Person. Unter einer k\u00f6rperlichen Misshandlung ist wiederum jede \u00fcble,<br \/>unangemessene Behandlung zu verstehen, durch die das k\u00f6rperliche<br \/>Wohlbefinden nicht nur unerheblich beeintr\u00e4chtigt wird. Als eine<br \/>Gesundheitssch\u00e4digung definiert sich das Hervorrufen oder Steigern eines<br \/>pathologischen Zustandes.<\/p><h4>Und damit sind die oben genannten Fragen teilweise schon zu beantworten:<\/h4><p>Ja, der aufgef\u00fchrte &#8222;Klaps&#8220; oder die Ohrfeige &#8211; also ein Schlag mit der<br \/>flachen Hand von der Seite in das Gesicht einer Person &#8211; ist in der<br \/>Regel mit Schmerzen verbunden, was bedeutet, dass das k\u00f6rperliche<br \/>Wohlbefinden herabgesetzt wird. Es liegt folglich eine k\u00f6rperliche<br \/>Misshandlung im vorstehenden Sinne vor. Au\u00dferdem sieht man h\u00e4ufig die<br \/>Folgen einer solchen k\u00f6rperlichen Misshandlung durch R\u00f6tungen \/<br \/>Blutungen oder blaue Flecken.<\/p><p>Mithin ist jeder &#8222;Klaps&#8220;, jede Ohrfeige und jeder auch nur kleinere<br \/>Schlag als K\u00f6rperverletzung zu sehen. Dabei spielt es keine Rolle,<br \/>welcher k\u00f6rperlichen Beschaffenheit die geohrfeigte \/ geschlagene oder<br \/>eben im Sinne des Gesetzes &#8222;misshandelte&#8220; Person ist. Auch der<br \/>&#8222;Schw\u00e4chere&#8220; kann den eigentlich &#8222;St\u00e4rkeren&#8220; schlagen und ist daf\u00fcr<br \/>selbstverst\u00e4ndlich verantwortlich. Die Tat kann unter Fremden passieren,<br \/>unter Bekannten, Freunden oder eben auch und gerade in &#8222;h\u00e4uslicher<br \/>Gemeinschaft&#8220;. T\u00e4ter wie Opfer k\u00f6nnen gleicherma\u00dfen M\u00e4nner wie Frauen<br \/>sein.<\/p><p>Aber das Spektrum der K\u00f6rperverletzungen geht eben von dem &#8222;Klaps&#8220; bis<br \/>hin zu sehr heftigen, brutalen Angriffen mit teilweise erheblichen<br \/>Folgen f\u00fcr das Opfer.<\/p><p>\u00a0<\/p>\t\t\t\t\t\t\t\t<\/div>\n\t\t\t\t<\/div>\n\t\t\t\t\t<\/div>\n\t\t<\/div>\n\t\t\t\t\t<\/div>\n\t\t<\/section>\n\t\t\t\t<section class=\"elementor-section elementor-top-section elementor-element elementor-element-3d003660 elementor-section-full_width elementor-section-height-min-height elementor-section-items-stretch elementor-section-height-default\" data-id=\"3d003660\" data-element_type=\"section\" data-e-type=\"section\" id=\"anfrage\" data-settings=\"{&quot;background_background&quot;:&quot;classic&quot;}\">\n\t\t\t\t\t\t<div class=\"elementor-container elementor-column-gap-no\">\n\t\t\t\t\t<div class=\"elementor-column elementor-col-100 elementor-top-column elementor-element elementor-element-33cc4667\" data-id=\"33cc4667\" data-element_type=\"column\" data-e-type=\"column\">\n\t\t\t<div class=\"elementor-widget-wrap elementor-element-populated\">\n\t\t\t\t\t\t<div class=\"elementor-element elementor-element-462b2bfa elementor-widget elementor-widget-spacer\" data-id=\"462b2bfa\" data-element_type=\"widget\" data-e-type=\"widget\" data-widget_type=\"spacer.default\">\n\t\t\t\t<div class=\"elementor-widget-container\">\n\t\t\t\t\t\t\t<div class=\"elementor-spacer\">\n\t\t\t<div class=\"elementor-spacer-inner\"><\/div>\n\t\t<\/div>\n\t\t\t\t\t\t<\/div>\n\t\t\t\t<\/div>\n\t\t\t\t<div class=\"elementor-element elementor-element-2a74e106 elementor-widget__width-inherit elementor-widget elementor-widget-heading\" data-id=\"2a74e106\" data-element_type=\"widget\" data-e-type=\"widget\" id=\"idiot\" data-widget_type=\"heading.default\">\n\t\t\t\t<div class=\"elementor-widget-container\">\n\t\t\t\t\t<h3 class=\"elementor-heading-title elementor-size-default\">Jetzt <b>kostenfrei<\/b> anfordern<\/h3>\t\t\t\t<\/div>\n\t\t\t\t<\/div>\n\t\t\t\t<div class=\"elementor-element elementor-element-52979e71 elementor-widget elementor-widget-image\" data-id=\"52979e71\" data-element_type=\"widget\" data-e-type=\"widget\" data-widget_type=\"image.default\">\n\t\t\t\t<div class=\"elementor-widget-container\">\n\t\t\t\t\t\t\t\t\t\t\t\t\t\t\t<img decoding=\"async\" width=\"608\" height=\"24\" src=\"https:\/\/dein-freispruch.de\/wp-content\/uploads\/2020\/10\/Leiste.png\" class=\"attachment-large size-large wp-image-273\" alt=\"\" srcset=\"https:\/\/dein-freispruch.de\/wp-content\/uploads\/2020\/10\/Leiste.png 608w, https:\/\/dein-freispruch.de\/wp-content\/uploads\/2020\/10\/Leiste-300x12.png 300w\" sizes=\"(max-width: 608px) 100vw, 608px\" \/>\t\t\t\t\t\t\t\t\t\t\t\t\t\t\t<\/div>\n\t\t\t\t<\/div>\n\t\t\t\t<div class=\"elementor-element elementor-element-32bec5a2 elementor-widget elementor-widget-html\" data-id=\"32bec5a2\" data-element_type=\"widget\" data-e-type=\"widget\" data-widget_type=\"html.default\">\n\t\t\t\t<div class=\"elementor-widget-container\">\n\t\t\t\t\t<script type=\"text\/javascript\" src=\"https:\/\/form.jotform.com\/jsform\/202923175073351\"><\/script>\t\t\t\t<\/div>\n\t\t\t\t<\/div>\n\t\t\t\t\t<\/div>\n\t\t<\/div>\n\t\t\t\t\t<\/div>\n\t\t<\/section>\n\t\t\t\t<section class=\"elementor-section elementor-top-section elementor-element elementor-element-34af8cfd elementor-section-boxed elementor-section-height-default elementor-section-height-default\" data-id=\"34af8cfd\" data-element_type=\"section\" data-e-type=\"section\">\n\t\t\t\t\t\t<div class=\"elementor-container elementor-column-gap-default\">\n\t\t\t\t\t<div class=\"elementor-column elementor-col-50 elementor-top-column elementor-element elementor-element-4883aace\" data-id=\"4883aace\" data-element_type=\"column\" data-e-type=\"column\">\n\t\t\t<div class=\"elementor-widget-wrap elementor-element-populated\">\n\t\t\t\t\t\t<div class=\"elementor-element elementor-element-382697a9 elementor-widget__width-inherit elementor-widget elementor-widget-image\" data-id=\"382697a9\" data-element_type=\"widget\" data-e-type=\"widget\" data-widget_type=\"image.default\">\n\t\t\t\t<div class=\"elementor-widget-container\">\n\t\t\t\t\t\t\t\t\t\t\t\t\t\t\t<img fetchpriority=\"high\" decoding=\"async\" width=\"800\" height=\"639\" src=\"https:\/\/dein-freispruch.de\/wp-content\/uploads\/2020\/10\/ff3071353-1-1024x818-1.jpg\" class=\"attachment-large size-large wp-image-42\" alt=\"\" srcset=\"https:\/\/dein-freispruch.de\/wp-content\/uploads\/2020\/10\/ff3071353-1-1024x818-1.jpg 1024w, https:\/\/dein-freispruch.de\/wp-content\/uploads\/2020\/10\/ff3071353-1-1024x818-1-300x240.jpg 300w, https:\/\/dein-freispruch.de\/wp-content\/uploads\/2020\/10\/ff3071353-1-1024x818-1-768x614.jpg 768w\" sizes=\"(max-width: 800px) 100vw, 800px\" \/>\t\t\t\t\t\t\t\t\t\t\t\t\t\t\t<\/div>\n\t\t\t\t<\/div>\n\t\t\t\t\t<\/div>\n\t\t<\/div>\n\t\t\t\t<div class=\"elementor-column elementor-col-50 elementor-top-column elementor-element elementor-element-70195ddc\" data-id=\"70195ddc\" data-element_type=\"column\" data-e-type=\"column\">\n\t\t\t<div class=\"elementor-widget-wrap elementor-element-populated\">\n\t\t\t\t\t\t<div class=\"elementor-element elementor-element-53141e92 elementor-widget elementor-widget-text-editor\" data-id=\"53141e92\" data-element_type=\"widget\" data-e-type=\"widget\" data-widget_type=\"text-editor.default\">\n\t\t\t\t<div class=\"elementor-widget-container\">\n\t\t\t\t\t\t\t\t\t<h2>Melden Sie uns Ihren Fall<br \/>so <strong>schnell wie m\u00f6glich<\/strong><\/h2><p>H\u00e4ufig m\u00fcssen rechtliche Fristen eingehalten werden. Je schneller wir Ihre Unterlagen zur Pr\u00fcfung erhalten, desto geringer ist die Gefahr, dass gesetzliche Fristen verstreichen.<\/p>\t\t\t\t\t\t\t\t<\/div>\n\t\t\t\t<\/div>\n\t\t\t\t<div class=\"elementor-element elementor-element-c597ef7 elementor-align-center elementor-mobile-align-justify elementor-tablet-align-justify elementor-widget elementor-widget-button\" data-id=\"c597ef7\" data-element_type=\"widget\" data-e-type=\"widget\" data-widget_type=\"button.default\">\n\t\t\t\t<div class=\"elementor-widget-container\">\n\t\t\t\t\t\t\t\t\t<div class=\"elementor-button-wrapper\">\n\t\t\t\t\t<a class=\"elementor-button elementor-button-link elementor-size-md\" href=\"#anfrage\">\n\t\t\t\t\t\t<span class=\"elementor-button-content-wrapper\">\n\t\t\t\t\t\t<span class=\"elementor-button-icon\">\n\t\t\t\t<svg aria-hidden=\"true\" class=\"e-font-icon-svg e-far-arrow-alt-circle-right\" viewBox=\"0 0 512 512\" xmlns=\"http:\/\/www.w3.org\/2000\/svg\"><path d=\"M504 256C504 119 393 8 256 8S8 119 8 256s111 248 248 248 248-111 248-248zm-448 0c0-110.5 89.5-200 200-200s200 89.5 200 200-89.5 200-200 200S56 366.5 56 256zm72 20v-40c0-6.6 5.4-12 12-12h116v-67c0-10.7 12.9-16 20.5-8.5l99 99c4.7 4.7 4.7 12.3 0 17l-99 99c-7.6 7.6-20.5 2.2-20.5-8.5v-67H140c-6.6 0-12-5.4-12-12z\"><\/path><\/svg>\t\t\t<\/span>\n\t\t\t\t\t\t\t\t\t<span class=\"elementor-button-text\">Kostenloser Strafrechts-Check<\/span>\n\t\t\t\t\t<\/span>\n\t\t\t\t\t<\/a>\n\t\t\t\t<\/div>\n\t\t\t\t\t\t\t\t<\/div>\n\t\t\t\t<\/div>\n\t\t\t\t\t<\/div>\n\t\t<\/div>\n\t\t\t\t\t<\/div>\n\t\t<\/section>\n\t\t\t\t<\/div>\n\t\t","protected":false},"excerpt":{"rendered":"<p>K\u00f6rperverletzung Und welche Strafe hat eine K\u00f6rperver-letzung zur Folge? K\u00f6rperverletzung Und welche Strafe hat eine K\u00f6rperver-letzung zur Folge? K\u00d6RPERVERLETZUNG Eines der wohl bekannteren Delikte im deutschen Strafrecht ist die K\u00f6rperverletzung; \u00a7 223 StGB (Strafgesetzbuch). Schutzgut ist die k\u00f6rperliche Unversehrtheit des Menschen. Wann spricht man eigentlich von einer K\u00f6rperverletzung? Was heisst in diesem Zusammenhang z.B. &#8222;h\u00e4usliche [&hellip;]<\/p>\n","protected":false},"author":1,"featured_media":66,"parent":0,"menu_order":0,"comment_status":"closed","ping_status":"closed","template":"","meta":{"footnotes":""},"class_list":["post-926","page","type-page","status-publish","has-post-thumbnail","hentry"],"_links":{"self":[{"href":"https:\/\/dein-freispruch.de\/index.php?rest_route=\/wp\/v2\/pages\/926","targetHints":{"allow":["GET"]}}],"collection":[{"href":"https:\/\/dein-freispruch.de\/index.php?rest_route=\/wp\/v2\/pages"}],"about":[{"href":"https:\/\/dein-freispruch.de\/index.php?rest_route=\/wp\/v2\/types\/page"}],"author":[{"embeddable":true,"href":"https:\/\/dein-freispruch.de\/index.php?rest_route=\/wp\/v2\/users\/1"}],"replies":[{"embeddable":true,"href":"https:\/\/dein-freispruch.de\/index.php?rest_route=%2Fwp%2Fv2%2Fcomments&post=926"}],"version-history":[{"count":14,"href":"https:\/\/dein-freispruch.de\/index.php?rest_route=\/wp\/v2\/pages\/926\/revisions"}],"predecessor-version":[{"id":941,"href":"https:\/\/dein-freispruch.de\/index.php?rest_route=\/wp\/v2\/pages\/926\/revisions\/941"}],"wp:featuredmedia":[{"embeddable":true,"href":"https:\/\/dein-freispruch.de\/index.php?rest_route=\/wp\/v2\/media\/66"}],"wp:attachment":[{"href":"https:\/\/dein-freispruch.de\/index.php?rest_route=%2Fwp%2Fv2%2Fmedia&parent=926"}],"curies":[{"name":"wp","href":"https:\/\/api.w.org\/{rel}","templated":true}]}}