{"id":286,"date":"2020-10-12T12:09:35","date_gmt":"2020-10-12T12:09:35","guid":{"rendered":"https:\/\/dein-freispruch.de\/?page_id=286"},"modified":"2025-07-21T08:17:27","modified_gmt":"2025-07-21T08:17:27","slug":"impressum","status":"publish","type":"page","link":"https:\/\/dein-freispruch.de\/?page_id=286","title":{"rendered":"Impressum"},"content":{"rendered":"\t\t<div data-elementor-type=\"wp-page\" data-elementor-id=\"286\" class=\"elementor elementor-286\" data-elementor-post-type=\"page\">\n\t\t\t\t\t\t<section class=\"elementor-section elementor-top-section elementor-element elementor-element-4a31290 elementor-section-boxed elementor-section-height-default elementor-section-height-default\" data-id=\"4a31290\" data-element_type=\"section\" data-e-type=\"section\">\n\t\t\t\t\t\t<div class=\"elementor-container elementor-column-gap-default\">\n\t\t\t\t\t<div class=\"elementor-column elementor-col-100 elementor-top-column elementor-element elementor-element-6fc931c\" data-id=\"6fc931c\" data-element_type=\"column\" data-e-type=\"column\">\n\t\t\t<div class=\"elementor-widget-wrap elementor-element-populated\">\n\t\t\t\t\t\t<div class=\"elementor-element elementor-element-74928ea elementor-widget elementor-widget-text-editor\" data-id=\"74928ea\" data-element_type=\"widget\" data-e-type=\"widget\" data-widget_type=\"text-editor.default\">\n\t\t\t\t<div class=\"elementor-widget-container\">\n\t\t\t\t\t\t\t\t\t<h1>Impressum<\/h1>\n<p>Sp Legal GmbH&nbsp;<\/p>\n<p>Heesenstra\u00dfe 70<br>D-40549 D\u00fcsseldorf<br>Gesch\u00e4ftsf\u00fchrung: Maximilian Schulz<\/p>\n<p>T +49 (0)211 86945481<\/p>\n<p>E-Mail:&nbsp;<a class=\"fui-Link ___1rxvrpe f2hkw1w f3rmtva f1ewtqcl fyind8e f1k6fduh f1w7gpdv fk6fouc fjoy568 figsok6 f1hu3pq6 f11qmguv f19f4twv f1tyq0we f1g0x7ka fhxju0i f1qch9an f1cnd47f fqv5qza f1vmzxwi f1o700av f13mvf36 f1cmlufx f9n3di6 f1ids18y f1tx3yz7 f1deo86v f1eh06m1 f1iescvh fhgqx19 f1olyrje f1p93eir f1nev41a f1h8hb77 f1lqvz6u f10aw75t fsle3fq f17ae5zn\" title=\"mailto:info@sp-legal.de\" href=\"mailto:info@sp-legal.de\" target=\"_blank\" rel=\"noreferrer noopener\" aria-label=\"Link info@sp-legal.de\">info@sp-legal.de<\/a><\/p>\n<p>Registergericht: Amtsgericht D\u00fcsseldorf<br><strong>Registernummer: HRB 51390&nbsp;<\/strong><\/p>\n<p><strong>USt.-Id.-Nr.: 147\/5815\/0956<\/strong><\/p>\n<p>Hinweis gem\u00e4\u00df \u00a7 36 VSBG:<br>Die Sp Legal GmbH ist nicht bereit und nicht verpflichtet, an Streitbeilegungsverfahren vor einer Verbraucherschlichtungsstelle teilzunehmen.<\/p>\n<p>Verantwortlicher i.S.d. \u00a7 55 Abs. 2 RStV:<br>Maximilian Schulz<br>Heesenstr. 70<br>D-40549 D\u00fcsseldorf<\/p>\t\t\t\t\t\t\t\t<\/div>\n\t\t\t\t<\/div>\n\t\t\t\t\t<\/div>\n\t\t<\/div>\n\t\t\t\t\t<\/div>\n\t\t<\/section>\n\t\t\t\t<\/div>\n\t\t","protected":false},"excerpt":{"rendered":"<p>Impressum Sp Legal GmbH&nbsp; Heesenstra\u00dfe 70D-40549 D\u00fcsseldorfGesch\u00e4ftsf\u00fchrung: Maximilian Schulz T +49 (0)211 86945481 E-Mail:&nbsp;info@sp-legal.de Registergericht: Amtsgericht D\u00fcsseldorfRegisternummer: HRB 51390&nbsp; USt.-Id.-Nr.: 147\/5815\/0956 Hinweis gem\u00e4\u00df \u00a7 36 VSBG:Die Sp Legal GmbH ist nicht bereit und nicht verpflichtet, an Streitbeilegungsverfahren vor einer Verbraucherschlichtungsstelle teilzunehmen. Verantwortlicher i.S.d. \u00a7 55 Abs. 2 RStV:Maximilian SchulzHeesenstr. 70D-40549 D\u00fcsseldorf<\/p>\n","protected":false},"author":1,"featured_media":0,"parent":0,"menu_order":0,"comment_status":"closed","ping_status":"closed","template":"","meta":{"footnotes":""},"class_list":["post-286","page","type-page","status-publish","hentry"],"_links":{"self":[{"href":"https:\/\/dein-freispruch.de\/index.php?rest_route=\/wp\/v2\/pages\/286","targetHints":{"allow":["GET"]}}],"collection":[{"href":"https:\/\/dein-freispruch.de\/index.php?rest_route=\/wp\/v2\/pages"}],"about":[{"href":"https:\/\/dein-freispruch.de\/index.php?rest_route=\/wp\/v2\/types\/page"}],"author":[{"embeddable":true,"href":"https:\/\/dein-freispruch.de\/index.php?rest_route=\/wp\/v2\/users\/1"}],"replies":[{"embeddable":true,"href":"https:\/\/dein-freispruch.de\/index.php?rest_route=%2Fwp%2Fv2%2Fcomments&post=286"}],"version-history":[{"count":44,"href":"https:\/\/dein-freispruch.de\/index.php?rest_route=\/wp\/v2\/pages\/286\/revisions"}],"predecessor-version":[{"id":1297,"href":"https:\/\/dein-freispruch.de\/index.php?rest_route=\/wp\/v2\/pages\/286\/revisions\/1297"}],"wp:attachment":[{"href":"https:\/\/dein-freispruch.de\/index.php?rest_route=%2Fwp%2Fv2%2Fmedia&parent=286"}],"curies":[{"name":"wp","href":"https:\/\/api.w.org\/{rel}","templated":true}]}}